{"id":11,"date":"2021-05-20T18:32:21","date_gmt":"2021-05-20T16:32:21","guid":{"rendered":"https:\/\/www.wijgam.ch\/?page_id=11"},"modified":"2025-04-08T15:39:23","modified_gmt":"2025-04-08T13:39:23","slug":"wijgam","status":"publish","type":"page","link":"https:\/\/www.wijgam.ch\/en\/","title":{"rendered":"Wijgam &#8211; Accueil"},"content":{"rendered":"<p>[et_pb_section fb_built=\u00a0\u00bb1&Prime; _builder_version=\u00a0\u00bb4.24.0&Prime; _module_preset=\u00a0\u00bbdefault\u00a0\u00bb background_color=\u00a0\u00bb#2f73b7&Prime; background_image=\u00a0\u00bbhttps:\/\/www.wijgam.ch\/wp-content\/uploads\/2021\/05\/cropped-20210427_151945-scaled-1.jpg\u00a0\u00bb custom_margin=\u00a0\u00bb||1px|||\u00a0\u00bb global_colors_info=\u00a0\u00bb{}\u00a0\u00bb][et_pb_row _builder_version=\u00a0\u00bb4.24.0&Prime; _module_preset=\u00a0\u00bbdefault\u00a0\u00bb animation_style=\u00a0\u00bbfade\u00a0\u00bb global_colors_info=\u00a0\u00bb{}\u00a0\u00bb][et_pb_column type=\u00a0\u00bb4_4&Prime; _builder_version=\u00a0\u00bb4.24.0&Prime; _module_preset=\u00a0\u00bbdefault\u00a0\u00bb global_colors_info=\u00a0\u00bb{}\u00a0\u00bb][et_pb_text _builder_version=\u00a0\u00bb4.24.0&Prime; _module_preset=\u00a0\u00bbdefault\u00a0\u00bb text_font=\u00a0\u00bbLibre Baskerville||||||||\u00a0\u00bb text_font_size=\u00a0\u00bb40px\u00a0\u00bb text_line_height=\u00a0\u00bb1.8em\u00a0\u00bb text_orientation=\u00a0\u00bbcenter\u00a0\u00bb text_text_shadow_style=\u00a0\u00bbpreset1&Prime; global_colors_info=\u00a0\u00bb{}\u00a0\u00bb]<\/p>\n<p><span style=\"color: #ffffff;\">Nous recherchons une performance absolue en ex\u00e9cutant des strat\u00e9gies d&rsquo;arbitrage<\/span><\/p>\n<p>[\/et_pb_text][\/et_pb_column][\/et_pb_row][\/et_pb_section][et_pb_section fb_built=\u00a0\u00bb1&Prime; _builder_version=\u00a0\u00bb4.16&Prime; custom_padding=\u00a0\u00bb5px||19px|||\u00a0\u00bb global_colors_info=\u00a0\u00bb{}\u00a0\u00bb][et_pb_row _builder_version=\u00a0\u00bb4.16&Prime; background_size=\u00a0\u00bbinitial\u00a0\u00bb background_position=\u00a0\u00bbtop_left\u00a0\u00bb background_repeat=\u00a0\u00bbrepeat\u00a0\u00bb custom_padding=\u00a0\u00bb7px|||||\u00a0\u00bb global_colors_info=\u00a0\u00bb{}\u00a0\u00bb][et_pb_column type=\u00a0\u00bb4_4&Prime; _builder_version=\u00a0\u00bb4.16&Prime; custom_padding=\u00a0\u00bb|||\u00a0\u00bb global_colors_info=\u00a0\u00bb{}\u00a0\u00bb custom_padding__hover=\u00a0\u00bb|||\u00a0\u00bb][et_pb_text _builder_version=\u00a0\u00bb4.24.0&Prime; background_size=\u00a0\u00bbinitial\u00a0\u00bb background_position=\u00a0\u00bbtop_left\u00a0\u00bb background_repeat=\u00a0\u00bbrepeat\u00a0\u00bb custom_margin=\u00a0\u00bb32px||-2px|||\u00a0\u00bb global_colors_info=\u00a0\u00bb{}\u00a0\u00bb]<\/p>\n<p><span style=\"color: #000000;\">Wijgam est une soci\u00e9t\u00e9 priv\u00e9e.<\/span><span style=\"color: #000000;\">\u00a0Son activit\u00e9 est l&rsquo;ex\u00e9cution de strat\u00e9gies d&rsquo;arbitrage et long\/short sur les march\u00e9s financiers. Elle n&rsquo;accueille pas d&rsquo;investisseurs tiers.<\/span><\/p>\n<p>&nbsp;<\/p>\n<p><!-- divi:wpforms\/form-selector {\"clientId\":\"dfa2b9b1-b36f-470a-9a11-ad893ab62bc0\",\"formId\":\"183\",\"copyPasteJsonValue\":\"{\\u0022displayTitle\\u0022:false,\\u0022displayDesc\\u0022:false,\\u0022fieldSize\\u0022:\\u0022medium\\u0022,\\u0022fieldBorderRadius\\u0022:\\u00223px\\u0022,\\u0022fieldBackgroundColor\\u0022:\\u0022#ffffff\\u0022,\\u0022fieldBorderColor\\u0022:\\u0022rgba( 0, 0, 0, 0.25 )\\u0022,\\u0022fieldTextColor\\u0022:\\u0022rgba( 0, 0, 0, 0.7 )\\u0022,\\u0022labelSize\\u0022:\\u0022medium\\u0022,\\u0022labelColor\\u0022:\\u0022rgba( 0, 0, 0, 0.85 )\\u0022,\\u0022labelSublabelColor\\u0022:\\u0022rgba( 0, 0, 0, 0.55 )\\u0022,\\u0022labelErrorColor\\u0022:\\u0022#d63637\\u0022,\\u0022buttonSize\\u0022:\\u0022medium\\u0022,\\u0022buttonBorderRadius\\u0022:\\u00223px\\u0022,\\u0022buttonBackgroundColor\\u0022:\\u0022#066aab\\u0022,\\u0022buttonTextColor\\u0022:\\u0022#ffffff\\u0022}\"} \/-->[\/et_pb_text][\/et_pb_column][\/et_pb_row][et_pb_row _builder_version=\u00a0\u00bb4.24.0&Prime; _module_preset=\u00a0\u00bbdefault\u00a0\u00bb global_colors_info=\u00a0\u00bb{}\u00a0\u00bb][et_pb_column type=\u00a0\u00bb4_4&Prime; _builder_version=\u00a0\u00bb4.24.0&Prime; _module_preset=\u00a0\u00bbdefault\u00a0\u00bb global_colors_info=\u00a0\u00bb{}\u00a0\u00bb][et_pb_text _builder_version=\u00a0\u00bb4.24.0&Prime; _module_preset=\u00a0\u00bbdefault\u00a0\u00bb text_font=\u00a0\u00bbLibre Baskerville||||||||\u00a0\u00bb global_colors_info=\u00a0\u00bb{}\u00a0\u00bb]<\/p>\n<h1>Derniers articles<\/h1>\n<p>[\/et_pb_text][\/et_pb_column][\/et_pb_row][et_pb_row _builder_version=\u00a0\u00bb4.24.0&Prime; _module_preset=\u00a0\u00bbdefault\u00a0\u00bb global_colors_info=\u00a0\u00bb{}\u00a0\u00bb][et_pb_column type=\u00a0\u00bb4_4&Prime; _builder_version=\u00a0\u00bb4.24.0&Prime; _module_preset=\u00a0\u00bbdefault\u00a0\u00bb global_colors_info=\u00a0\u00bb{}\u00a0\u00bb][et_pb_post_slider posts_number=\u00a0\u00bb3&Prime; include_categories=\u00a0\u00bball\u00a0\u00bb bg_overlay_color=\u00a0\u00bb#0C71C3&Prime; _builder_version=\u00a0\u00bb4.24.0&Prime; _module_preset=\u00a0\u00bbdefault\u00a0\u00bb custom_margin=\u00a0\u00bb-29px|||||\u00a0\u00bb global_colors_info=\u00a0\u00bb{}\u00a0\u00bb][\/et_pb_post_slider][\/et_pb_column][\/et_pb_row][\/et_pb_section][et_pb_section fb_built=\u00a0\u00bb1&Prime; _builder_version=\u00a0\u00bb4.24.0&Prime; _module_preset=\u00a0\u00bbdefault\u00a0\u00bb background_color=\u00a0\u00bb#0c71c3&Prime; min_height=\u00a0\u00bb313.8px\u00a0\u00bb custom_padding=\u00a0\u00bb7px||10px|||\u00a0\u00bb global_colors_info=\u00a0\u00bb{}\u00a0\u00bb][et_pb_row column_structure=\u00a0\u00bb1_2,1_2&Prime; _builder_version=\u00a0\u00bb4.24.0&Prime; _module_preset=\u00a0\u00bbdefault\u00a0\u00bb min_height=\u00a0\u00bb291.8px\u00a0\u00bb custom_margin=\u00a0\u00bb|auto|-2px|auto||\u00a0\u00bb global_colors_info=\u00a0\u00bb{}\u00a0\u00bb][et_pb_column type=\u00a0\u00bb1_2&Prime; _builder_version=\u00a0\u00bb4.24.0&Prime; _module_preset=\u00a0\u00bbdefault\u00a0\u00bb global_colors_info=\u00a0\u00bb{}\u00a0\u00bb][et_pb_text _builder_version=\u00a0\u00bb4.24.0&Prime; _module_preset=\u00a0\u00bbdefault\u00a0\u00bb text_font=\u00a0\u00bbLibre Baskerville||||||||\u00a0\u00bb text_text_color=\u00a0\u00bb#FFFFFF\u00a0\u00bb global_colors_info=\u00a0\u00bb{}\u00a0\u00bb]<\/p>\n<h1><span style=\"color: #ffffff;\">Recevez nos prochaines mises \u00e0 jour<\/span><\/h1>\n<p>[\/et_pb_text][\/et_pb_column][et_pb_column type=\u00a0\u00bb1_2&Prime; _builder_version=\u00a0\u00bb4.24.0&Prime; _module_preset=\u00a0\u00bbdefault\u00a0\u00bb global_colors_info=\u00a0\u00bb{}\u00a0\u00bb][et_pb_contact_form email=\u00a0\u00bbfgerber@wijgam.ch\u00a0\u00bb title=\u00a0\u00bbInscription \u00e0 notre lettre d&rsquo;information\u00a0\u00bb custom_message=\u00a0\u00bbNouvelle inscription \u00e0 la liste de diffusion Wijgam SA &#8211; Opt-In Homepage\u00a0\u00bb success_message=\u00a0\u00bbVotre inscription a bien \u00e9t\u00e9 prise en compte\u00a0\u00bb submit_button_text=\u00a0\u00bbJe m&rsquo;inscris\u00a0\u00bb _builder_version=\u00a0\u00bb4.25.2&Prime; _module_preset=\u00a0\u00bbdefault\u00a0\u00bb _unique_id=\u00a0\u00bbb8aadf09-cec3-48ee-b6c4-0fe7a1699a7e\u00a0\u00bb global_colors_info=\u00a0\u00bb{}\u00a0\u00bb][et_pb_contact_field field_id=\u00a0\u00bbEmail\u00a0\u00bb field_title=\u00a0\u00bbAdresse e-mail\u00a0\u00bb field_type=\u00a0\u00bbemail\u00a0\u00bb _builder_version=\u00a0\u00bb4.25.2&Prime; global_colors_info=\u00a0\u00bb{}\u00a0\u00bb button_text_size__hover_enabled=\u00a0\u00bboff\u00a0\u00bb button_one_text_size__hover_enabled=\u00a0\u00bboff\u00a0\u00bb button_two_text_size__hover_enabled=\u00a0\u00bboff\u00a0\u00bb button_text_color__hover_enabled=\u00a0\u00bboff\u00a0\u00bb button_one_text_color__hover_enabled=\u00a0\u00bboff\u00a0\u00bb button_two_text_color__hover_enabled=\u00a0\u00bboff\u00a0\u00bb button_border_width__hover_enabled=\u00a0\u00bboff\u00a0\u00bb button_one_border_width__hover_enabled=\u00a0\u00bboff\u00a0\u00bb button_two_border_width__hover_enabled=\u00a0\u00bboff\u00a0\u00bb button_border_color__hover_enabled=\u00a0\u00bboff\u00a0\u00bb button_one_border_color__hover_enabled=\u00a0\u00bboff\u00a0\u00bb button_two_border_color__hover_enabled=\u00a0\u00bboff\u00a0\u00bb button_border_radius__hover_enabled=\u00a0\u00bboff\u00a0\u00bb button_one_border_radius__hover_enabled=\u00a0\u00bboff\u00a0\u00bb button_two_border_radius__hover_enabled=\u00a0\u00bboff\u00a0\u00bb button_letter_spacing__hover_enabled=\u00a0\u00bboff\u00a0\u00bb button_one_letter_spacing__hover_enabled=\u00a0\u00bboff\u00a0\u00bb button_two_letter_spacing__hover_enabled=\u00a0\u00bboff\u00a0\u00bb button_bg_color__hover_enabled=\u00a0\u00bboff\u00a0\u00bb button_one_bg_color__hover_enabled=\u00a0\u00bboff\u00a0\u00bb button_two_bg_color__hover_enabled=\u00a0\u00bboff\u00a0\u00bb][\/et_pb_contact_field][et_pb_contact_field field_id=\u00a0\u00bbOptIn\u00a0\u00bb field_title=\u00a0\u00bbOpt-in\u00a0\u00bb field_type=\u00a0\u00bbcheckbox\u00a0\u00bb checkbox_options=\u00a0\u00bb%91{%22value%22:%22En vous inscrivant, vous acceptez de recevoir nos emails%22,%22checked%22:0,%22dragID%22:-1}%93&Prime; fullwidth_field=\u00a0\u00bbon\u00a0\u00bb _builder_version=\u00a0\u00bb4.25.2&Prime; _module_preset=\u00a0\u00bbdefault\u00a0\u00bb global_colors_info=\u00a0\u00bb{}\u00a0\u00bb][\/et_pb_contact_field][\/et_pb_contact_form][\/et_pb_column][\/et_pb_row][\/et_pb_section][et_pb_section fb_built=\u00a0\u00bb1&Prime; _builder_version=\u00a0\u00bb4.24.0&Prime; _module_preset=\u00a0\u00bbdefault\u00a0\u00bb global_colors_info=\u00a0\u00bb{}\u00a0\u00bb][et_pb_row _builder_version=\u00a0\u00bb4.24.0&Prime; _module_preset=\u00a0\u00bbdefault\u00a0\u00bb global_colors_info=\u00a0\u00bb{}\u00a0\u00bb][et_pb_column type=\u00a0\u00bb4_4&Prime; _builder_version=\u00a0\u00bb4.24.0&Prime; _module_preset=\u00a0\u00bbdefault\u00a0\u00bb global_colors_info=\u00a0\u00bb{}\u00a0\u00bb][et_pb_text _builder_version=\u00a0\u00bb4.24.0&Prime; _module_preset=\u00a0\u00bbdefault\u00a0\u00bb text_font=\u00a0\u00bbLibre Baskerville||||||||\u00a0\u00bb global_colors_info=\u00a0\u00bb{}\u00a0\u00bb]<\/p>\n<h1 style=\"text-align: left;\">Notre activit\u00e9<\/h1>\n<p>[\/et_pb_text][\/et_pb_column][\/et_pb_row][et_pb_row column_structure=\u00a0\u00bb1_2,1_2&Prime; _builder_version=\u00a0\u00bb4.24.0&Prime; _module_preset=\u00a0\u00bbdefault\u00a0\u00bb global_colors_info=\u00a0\u00bb{}\u00a0\u00bb][et_pb_column type=\u00a0\u00bb1_2&Prime; _builder_version=\u00a0\u00bb4.24.0&Prime; _module_preset=\u00a0\u00bbdefault\u00a0\u00bb global_colors_info=\u00a0\u00bb{}\u00a0\u00bb][et_pb_text _builder_version=\u00a0\u00bb4.24.0&Prime; _module_preset=\u00a0\u00bbdefault\u00a0\u00bb text_font=\u00a0\u00bbLibre Baskerville||||||||\u00a0\u00bb global_colors_info=\u00a0\u00bb{}\u00a0\u00bb]<\/p>\n<h2>Arbitrage<\/h2>\n<p>[\/et_pb_text][et_pb_button button_url=\u00a0\u00bb@ET-DC@eyJkeW5hbWljIjp0cnVlLCJjb250ZW50IjoicG9zdF9saW5rX3VybF9wYWdlIiwic2V0dGluZ3MiOnsicG9zdF9pZCI6IjE1NSJ9fQ==@\u00a0\u00bb button_text=\u00a0\u00bbEn savoir plus\u00a0\u00bb _builder_version=\u00a0\u00bb4.24.0&Prime; _dynamic_attributes=\u00a0\u00bbbutton_url\u00a0\u00bb _module_preset=\u00a0\u00bbdefault\u00a0\u00bb global_colors_info=\u00a0\u00bb{}\u00a0\u00bb][\/et_pb_button][\/et_pb_column][et_pb_column type=\u00a0\u00bb1_2&Prime; _builder_version=\u00a0\u00bb4.24.0&Prime; _module_preset=\u00a0\u00bbdefault\u00a0\u00bb global_colors_info=\u00a0\u00bb{}\u00a0\u00bb][\/et_pb_column][\/et_pb_row][\/et_pb_section]<\/p>\n","protected":false},"excerpt":{"rendered":"<p>Nous recherchons une performance absolue en ex\u00e9cutant des strat\u00e9gies d&rsquo;arbitrageWijgam est une soci\u00e9t\u00e9 priv\u00e9e.\u00a0Son activit\u00e9 est l&rsquo;ex\u00e9cution de strat\u00e9gies d&rsquo;arbitrage et long\/short sur les march\u00e9s financiers. Elle n&rsquo;accueille pas d&rsquo;investisseurs tiers. &nbsp; Derniers articlesRecevez nos prochaines mises \u00e0 jourNotre activit\u00e9Arbitrage<\/p>","protected":false},"author":1,"featured_media":0,"parent":0,"menu_order":0,"comment_status":"closed","ping_status":"closed","template":"","meta":{"_et_pb_use_builder":"on","_et_pb_old_content":"<!-- wp:paragraph -->\n<p>Wijgam est une soci\u00e9t\u00e9 priv\u00e9e cr\u00e9\u00e9e et d\u00e9tenue par <a href=\"http:\/\/www.tinyurl.com\/francoisgerber\" target=\"_blank\" rel=\"noreferrer noopener\">M. Fran\u00e7ois Gerber<\/a>, destin\u00e9e \u00e0 faire cro\u00eetre son patrimoine \u00e0 long terme. Elle n'accueille pas d'investisseurs tiers.<\/p>\n<!-- \/wp:paragraph -->\n\n<!-- wp:paragraph -->\n<p><strong>Adresse :<\/strong><\/p>\n<!-- \/wp:paragraph -->\n\n<!-- wp:paragraph -->\n<p>Wijgam SA<\/p>\n<!-- \/wp:paragraph -->\n\n<!-- wp:paragraph -->\n<p>Rue du Lion d'Or 1<\/p>\n<!-- \/wp:paragraph -->\n\n<!-- wp:paragraph -->\n<p>1003 Lausanne<\/p>\n<!-- \/wp:paragraph -->\n\n<!-- wp:paragraph -->\n<p>Suisse<\/p>\n<!-- \/wp:paragraph -->\n\n<!-- wp:paragraph -->\n<p>Si vous souhaitez nous contacter, veuillez utiliser le <strong>formulaire<\/strong> ci-dessous : <\/p>\n<!-- \/wp:paragraph -->\n\n<!-- wp:wpforms\/form-selector {\"clientId\":\"dfa2b9b1-b36f-470a-9a11-ad893ab62bc0\",\"formId\":\"183\",\"copyPasteJsonValue\":\"{\\u0022displayTitle\\u0022:false,\\u0022displayDesc\\u0022:false,\\u0022fieldSize\\u0022:\\u0022medium\\u0022,\\u0022fieldBorderRadius\\u0022:\\u00223px\\u0022,\\u0022fieldBackgroundColor\\u0022:\\u0022#ffffff\\u0022,\\u0022fieldBorderColor\\u0022:\\u0022rgba( 0, 0, 0, 0.25 )\\u0022,\\u0022fieldTextColor\\u0022:\\u0022rgba( 0, 0, 0, 0.7 )\\u0022,\\u0022labelSize\\u0022:\\u0022medium\\u0022,\\u0022labelColor\\u0022:\\u0022rgba( 0, 0, 0, 0.85 )\\u0022,\\u0022labelSublabelColor\\u0022:\\u0022rgba( 0, 0, 0, 0.55 )\\u0022,\\u0022labelErrorColor\\u0022:\\u0022#d63637\\u0022,\\u0022buttonSize\\u0022:\\u0022medium\\u0022,\\u0022buttonBorderRadius\\u0022:\\u00223px\\u0022,\\u0022buttonBackgroundColor\\u0022:\\u0022#066aab\\u0022,\\u0022buttonTextColor\\u0022:\\u0022#ffffff\\u0022}\"} \/-->","_et_gb_content_width":"","footnotes":""},"class_list":["post-11","page","type-page","status-publish","hentry"],"yoast_head":"<!-- This site is optimized with the Yoast SEO plugin v27.5 - https:\/\/yoast.com\/product\/yoast-seo-wordpress\/ -->\n<title>Accueil Wijgam<\/title>\n<meta name=\"description\" content=\"Wijgam est une soci\u00e9t\u00e9 priv\u00e9e cr\u00e9\u00e9e par Fran\u00e7ois Gerber et sp\u00e9cialis\u00e9e dans les strat\u00e9gies d&#039;arbitrage sur futures\" \/>\n<meta name=\"robots\" content=\"index, follow, max-snippet:-1, max-image-preview:large, max-video-preview:-1\" \/>\n<link rel=\"canonical\" href=\"https:\/\/www.wijgam.ch\/en\/\" \/>\n<meta property=\"og:locale\" content=\"en_US\" \/>\n<meta property=\"og:type\" content=\"article\" \/>\n<meta property=\"og:title\" content=\"Accueil Wijgam\" \/>\n<meta property=\"og:description\" content=\"Wijgam est une soci\u00e9t\u00e9 priv\u00e9e cr\u00e9\u00e9e par Fran\u00e7ois Gerber et sp\u00e9cialis\u00e9e dans les strat\u00e9gies d&#039;arbitrage sur futures\" \/>\n<meta property=\"og:url\" content=\"https:\/\/www.wijgam.ch\/en\/\" \/>\n<meta property=\"og:site_name\" content=\"Wijgam\" \/>\n<meta property=\"article:modified_time\" content=\"2025-04-08T13:39:23+00:00\" \/>\n<meta name=\"twitter:card\" content=\"summary_large_image\" \/>\n<meta name=\"twitter:site\" content=\"@Wijgam\" \/>\n<meta name=\"twitter:label1\" content=\"Est. reading time\" \/>\n\t<meta name=\"twitter:data1\" content=\"2 minutes\" \/>\n<script type=\"application\/ld+json\" class=\"yoast-schema-graph\">{\"@context\":\"https:\\\/\\\/schema.org\",\"@graph\":[{\"@type\":\"WebPage\",\"@id\":\"https:\\\/\\\/www.wijgam.ch\\\/\",\"url\":\"https:\\\/\\\/www.wijgam.ch\\\/\",\"name\":\"Accueil Wijgam\",\"isPartOf\":{\"@id\":\"https:\\\/\\\/www.wijgam.ch\\\/#website\"},\"datePublished\":\"2021-05-20T16:32:21+00:00\",\"dateModified\":\"2025-04-08T13:39:23+00:00\",\"description\":\"Wijgam est une soci\u00e9t\u00e9 priv\u00e9e cr\u00e9\u00e9e par Fran\u00e7ois Gerber et sp\u00e9cialis\u00e9e dans les strat\u00e9gies d'arbitrage sur futures\",\"breadcrumb\":{\"@id\":\"https:\\\/\\\/www.wijgam.ch\\\/#breadcrumb\"},\"inLanguage\":\"en-US\",\"potentialAction\":[{\"@type\":\"ReadAction\",\"target\":[\"https:\\\/\\\/www.wijgam.ch\\\/\"]}]},{\"@type\":\"BreadcrumbList\",\"@id\":\"https:\\\/\\\/www.wijgam.ch\\\/#breadcrumb\",\"itemListElement\":[{\"@type\":\"ListItem\",\"position\":1,\"name\":\"Accueil\",\"item\":\"https:\\\/\\\/www.wijgam.ch\\\/\"},{\"@type\":\"ListItem\",\"position\":2,\"name\":\"Wijgam &#8211; Accueil\"}]},{\"@type\":\"WebSite\",\"@id\":\"https:\\\/\\\/www.wijgam.ch\\\/#website\",\"url\":\"https:\\\/\\\/www.wijgam.ch\\\/\",\"name\":\"Wijgam\",\"description\":\"Rechercher la performance absolue en ex\u00e9cutant des strat\u00e9gies d&#039;arbitrage\",\"publisher\":{\"@id\":\"https:\\\/\\\/www.wijgam.ch\\\/#organization\"},\"potentialAction\":[{\"@type\":\"SearchAction\",\"target\":{\"@type\":\"EntryPoint\",\"urlTemplate\":\"https:\\\/\\\/www.wijgam.ch\\\/?s={search_term_string}\"},\"query-input\":{\"@type\":\"PropertyValueSpecification\",\"valueRequired\":true,\"valueName\":\"search_term_string\"}}],\"inLanguage\":\"en-US\"},{\"@type\":\"Organization\",\"@id\":\"https:\\\/\\\/www.wijgam.ch\\\/#organization\",\"name\":\"Wijgam\",\"url\":\"https:\\\/\\\/www.wijgam.ch\\\/\",\"logo\":{\"@type\":\"ImageObject\",\"inLanguage\":\"en-US\",\"@id\":\"https:\\\/\\\/www.wijgam.ch\\\/#\\\/schema\\\/logo\\\/image\\\/\",\"url\":\"https:\\\/\\\/www.wijgam.ch\\\/wp-content\\\/uploads\\\/2021\\\/05\\\/Logo-Wijgam-120x30-1.png\",\"contentUrl\":\"https:\\\/\\\/www.wijgam.ch\\\/wp-content\\\/uploads\\\/2021\\\/05\\\/Logo-Wijgam-120x30-1.png\",\"width\":120,\"height\":30,\"caption\":\"Wijgam\"},\"image\":{\"@id\":\"https:\\\/\\\/www.wijgam.ch\\\/#\\\/schema\\\/logo\\\/image\\\/\"},\"sameAs\":[\"https:\\\/\\\/x.com\\\/Wijgam\",\"https:\\\/\\\/www.linkedin.com\\\/company\\\/wijgam\\\/\"]}]}<\/script>\n<!-- \/ Yoast SEO plugin. -->","yoast_head_json":{"title":"Accueil Wijgam","description":"Wijgam est une soci\u00e9t\u00e9 priv\u00e9e cr\u00e9\u00e9e par Fran\u00e7ois Gerber et sp\u00e9cialis\u00e9e dans les strat\u00e9gies d'arbitrage sur futures","robots":{"index":"index","follow":"follow","max-snippet":"max-snippet:-1","max-image-preview":"max-image-preview:large","max-video-preview":"max-video-preview:-1"},"canonical":"https:\/\/www.wijgam.ch\/en\/","og_locale":"en_US","og_type":"article","og_title":"Accueil Wijgam","og_description":"Wijgam est une soci\u00e9t\u00e9 priv\u00e9e cr\u00e9\u00e9e par Fran\u00e7ois Gerber et sp\u00e9cialis\u00e9e dans les strat\u00e9gies d'arbitrage sur futures","og_url":"https:\/\/www.wijgam.ch\/en\/","og_site_name":"Wijgam","article_modified_time":"2025-04-08T13:39:23+00:00","twitter_card":"summary_large_image","twitter_site":"@Wijgam","twitter_misc":{"Est. reading time":"2 minutes"},"schema":{"@context":"https:\/\/schema.org","@graph":[{"@type":"WebPage","@id":"https:\/\/www.wijgam.ch\/","url":"https:\/\/www.wijgam.ch\/","name":"Accueil Wijgam","isPartOf":{"@id":"https:\/\/www.wijgam.ch\/#website"},"datePublished":"2021-05-20T16:32:21+00:00","dateModified":"2025-04-08T13:39:23+00:00","description":"Wijgam est une soci\u00e9t\u00e9 priv\u00e9e cr\u00e9\u00e9e par Fran\u00e7ois Gerber et sp\u00e9cialis\u00e9e dans les strat\u00e9gies d'arbitrage sur futures","breadcrumb":{"@id":"https:\/\/www.wijgam.ch\/#breadcrumb"},"inLanguage":"en-US","potentialAction":[{"@type":"ReadAction","target":["https:\/\/www.wijgam.ch\/"]}]},{"@type":"BreadcrumbList","@id":"https:\/\/www.wijgam.ch\/#breadcrumb","itemListElement":[{"@type":"ListItem","position":1,"name":"Accueil","item":"https:\/\/www.wijgam.ch\/"},{"@type":"ListItem","position":2,"name":"Wijgam &#8211; Accueil"}]},{"@type":"WebSite","@id":"https:\/\/www.wijgam.ch\/#website","url":"https:\/\/www.wijgam.ch\/","name":"Wijgam","description":"Rechercher la performance absolue en ex\u00e9cutant des strat\u00e9gies d&#039;arbitrage","publisher":{"@id":"https:\/\/www.wijgam.ch\/#organization"},"potentialAction":[{"@type":"SearchAction","target":{"@type":"EntryPoint","urlTemplate":"https:\/\/www.wijgam.ch\/?s={search_term_string}"},"query-input":{"@type":"PropertyValueSpecification","valueRequired":true,"valueName":"search_term_string"}}],"inLanguage":"en-US"},{"@type":"Organization","@id":"https:\/\/www.wijgam.ch\/#organization","name":"Wijgam","url":"https:\/\/www.wijgam.ch\/","logo":{"@type":"ImageObject","inLanguage":"en-US","@id":"https:\/\/www.wijgam.ch\/#\/schema\/logo\/image\/","url":"https:\/\/www.wijgam.ch\/wp-content\/uploads\/2021\/05\/Logo-Wijgam-120x30-1.png","contentUrl":"https:\/\/www.wijgam.ch\/wp-content\/uploads\/2021\/05\/Logo-Wijgam-120x30-1.png","width":120,"height":30,"caption":"Wijgam"},"image":{"@id":"https:\/\/www.wijgam.ch\/#\/schema\/logo\/image\/"},"sameAs":["https:\/\/x.com\/Wijgam","https:\/\/www.linkedin.com\/company\/wijgam\/"]}]}},"_links":{"self":[{"href":"https:\/\/www.wijgam.ch\/en\/wp-json\/wp\/v2\/pages\/11","targetHints":{"allow":["GET"]}}],"collection":[{"href":"https:\/\/www.wijgam.ch\/en\/wp-json\/wp\/v2\/pages"}],"about":[{"href":"https:\/\/www.wijgam.ch\/en\/wp-json\/wp\/v2\/types\/page"}],"author":[{"embeddable":true,"href":"https:\/\/www.wijgam.ch\/en\/wp-json\/wp\/v2\/users\/1"}],"replies":[{"embeddable":true,"href":"https:\/\/www.wijgam.ch\/en\/wp-json\/wp\/v2\/comments?post=11"}],"version-history":[{"count":46,"href":"https:\/\/www.wijgam.ch\/en\/wp-json\/wp\/v2\/pages\/11\/revisions"}],"predecessor-version":[{"id":516,"href":"https:\/\/www.wijgam.ch\/en\/wp-json\/wp\/v2\/pages\/11\/revisions\/516"}],"wp:attachment":[{"href":"https:\/\/www.wijgam.ch\/en\/wp-json\/wp\/v2\/media?parent=11"}],"curies":[{"name":"wp","href":"https:\/\/api.w.org\/{rel}","templated":true}]}}