{"id":155,"date":"2024-01-24T11:54:10","date_gmt":"2024-01-24T10:54:10","guid":{"rendered":"https:\/\/www.wijgam.ch\/?page_id=155"},"modified":"2026-01-15T11:57:49","modified_gmt":"2026-01-15T10:57:49","slug":"notre-metier","status":"publish","type":"page","link":"https:\/\/www.wijgam.ch\/en\/notre-metier\/","title":{"rendered":"Notre m\u00e9tier &#8211; Ce que nous faisons"},"content":{"rendered":"<p>[et_pb_section fb_built=\u00a0\u00bb1&Prime; _builder_version=\u00a0\u00bb4.24.0&Prime; _module_preset=\u00a0\u00bbdefault\u00a0\u00bb background_color=\u00a0\u00bb#2f73b7&Prime; background_image=\u00a0\u00bbhttps:\/\/www.wijgam.ch\/wp-content\/uploads\/2021\/05\/cropped-20210427_151945-scaled-1.jpg\u00a0\u00bb custom_margin=\u00a0\u00bb||1px|||\u00a0\u00bb global_colors_info=\u00a0\u00bb{}\u00a0\u00bb][et_pb_row _builder_version=\u00a0\u00bb4.24.0&Prime; _module_preset=\u00a0\u00bbdefault\u00a0\u00bb animation_style=\u00a0\u00bbfade\u00a0\u00bb global_colors_info=\u00a0\u00bb{}\u00a0\u00bb][et_pb_column type=\u00a0\u00bb4_4&Prime; _builder_version=\u00a0\u00bb4.24.0&Prime; _module_preset=\u00a0\u00bbdefault\u00a0\u00bb global_colors_info=\u00a0\u00bb{}\u00a0\u00bb][et_pb_text _builder_version=\u00a0\u00bb4.24.0&Prime; _module_preset=\u00a0\u00bbdefault\u00a0\u00bb text_font=\u00a0\u00bbLibre Baskerville||||||||\u00a0\u00bb text_font_size=\u00a0\u00bb40px\u00a0\u00bb text_line_height=\u00a0\u00bb1.8em\u00a0\u00bb text_orientation=\u00a0\u00bbcenter\u00a0\u00bb text_text_shadow_style=\u00a0\u00bbpreset1&Prime; global_colors_info=\u00a0\u00bb{}\u00a0\u00bb]<\/p>\n<p><span style=\"color: #ffffff;\">Notre m\u00e9tier<\/span><\/p>\n<p>[\/et_pb_text][\/et_pb_column][\/et_pb_row][\/et_pb_section][et_pb_section fb_built=\u00a0\u00bb1&Prime; _builder_version=\u00a0\u00bb4.16&Prime; global_colors_info=\u00a0\u00bb{}\u00a0\u00bb][et_pb_row _builder_version=\u00a0\u00bb4.16&Prime; background_size=\u00a0\u00bbinitial\u00a0\u00bb background_position=\u00a0\u00bbtop_left\u00a0\u00bb background_repeat=\u00a0\u00bbrepeat\u00a0\u00bb global_colors_info=\u00a0\u00bb{}\u00a0\u00bb][et_pb_column type=\u00a0\u00bb4_4&Prime; _builder_version=\u00a0\u00bb4.16&Prime; custom_padding=\u00a0\u00bb|||\u00a0\u00bb global_colors_info=\u00a0\u00bb{}\u00a0\u00bb custom_padding__hover=\u00a0\u00bb|||\u00a0\u00bb][et_pb_text _builder_version=\u00a0\u00bb4.24.2&Prime; background_size=\u00a0\u00bbinitial\u00a0\u00bb background_position=\u00a0\u00bbtop_left\u00a0\u00bb background_repeat=\u00a0\u00bbrepeat\u00a0\u00bb global_colors_info=\u00a0\u00bb{}\u00a0\u00bb]<\/p>\n<h1>Wijgam r\u00e9alise des op\u00e9rations d&rsquo;arbitrage sur des actifs cot\u00e9s.<\/h1>\n<h2>En quoi consiste l&rsquo;arbitrage ?<\/h2>\n<p>Arbitrer deux actifs consiste \u00e0 acheter et vendre simultan\u00e9ment ces deux actifs dans l&rsquo;objectif tirer profit de l&rsquo;augmentation de l&rsquo;\u00e9cart de valeur entre eux. Nos th\u00e8ses d&rsquo;investissement sont donc toujours li\u00e9es \u00e0 l&rsquo;\u00e9volution relative des deux actifs, en nous fondant sur leur analyse fondamentale et en prenant en compte leur momentum. Quelle que soit l&rsquo;\u00e9volution des march\u00e9s, notre hypoth\u00e8se est que les actifs de qualit\u00e9 \u00e9voluent en g\u00e9n\u00e9ral mieux que les actifs moins performants. Cette activit\u00e9 pr\u00e9sente un avantage suppl\u00e9mentaire pour nous : elle permet de supprimer tout ou partie du risque syst\u00e9matique des march\u00e9s financiers, ce qui nous permet de rechercher les profits dans toutes les configurations de march\u00e9. L&rsquo;arbitrage entre dans la famille de la gestion appell\u00e9e \u00ab\u00a0long short\u00a0\u00bb.<\/p>\n<h2>Strat\u00e9gies ex\u00e9cut\u00e9es<\/h2>\n<p>C&rsquo;est dans ce cadre que nous ex\u00e9cutons nos strat\u00e9gies de trading : retour \u00e0 la moyenne, suivi de tendance, arbitrage intraday de titres corr\u00e9l\u00e9s jusqu&rsquo;\u00e0 l&rsquo;arbitrage moyen terme entre classes d&rsquo;actifs.<\/p>\n<h2>Instruments utilis\u00e9s<\/h2>\n<p>Ces actifs sont principalement des options sur actions et ETF, des futures sur indices, des options sur futures et des options sur indices.<\/p>\n<p>L&rsquo;horizon d&rsquo;investissement s&rsquo;\u00e9tend de quelques heures \u00e0 quelques jours, jusqu&rsquo;\u00e0 trois mois.<\/p>\n<p>Les march\u00e9s trait\u00e9s sont majoritairement les actions et indices aux Etats-Unis d&rsquo;Am\u00e9rique et en Europe, certaines mati\u00e8res premi\u00e8res parfois certains march\u00e9s \u00e9mergents.<\/p>\n<p>Dans tous les cas, les instruments utilis\u00e9s sont hautement liquides.<\/p>\n<h2>Exemple<\/h2>\n<p>Si nous estimons que les march\u00e9s europ\u00e9ens sont plus porteurs que les valeurs industrielles am\u00e9ricaines, et que le momentum soutient cette th\u00e8se, alors nous sommes susceptibles d&rsquo;acheter le future sur l&rsquo;indice Eurostoxx 50 et de vendre le future sur l&rsquo;indice Dow Jones.\u00a0<\/p>\n<p>En faisant cela, nous sommes gagnants d\u00e8s lors que l&rsquo;Eurostoxx 50 surperformance le Dow Jones, et perdants d\u00e8s lorsque le Dow Jones surperformance l&rsquo;Euro Stoxx 50. Voici les diff\u00e9rents cas possibles\u00a0<\/p>\n<p style=\"text-align: center;\">\n<table id=\"tablepress-3\" class=\"tablepress tablepress-id-3\">\n<thead>\n<tr class=\"row-1\">\n\t<td class=\"column-1\"><\/td><th class=\"column-2\">Dow Jones haussier<\/th><th class=\"column-3\">Dow Jones baissier<\/th>\n<\/tr>\n<\/thead>\n<tbody class=\"row-striping row-hover\">\n<tr class=\"row-2\">\n\t<td class=\"column-1\">Euro Stoxx haussier<\/td><td class=\"column-2\">Plus-value si l'Euro Stoxx 50 monte plus que le Dow Jones, moins-value sinon<\/td><td class=\"column-3\">Plus-value dans tous les cas<\/td>\n<\/tr>\n<tr class=\"row-3\">\n\t<td class=\"column-1\">Euro Stoxx baissier<\/td><td class=\"column-2\">Moins value dans tous les cas<\/td><td class=\"column-3\">Plus-value si le Dow Jones baisse plus que l'Euro Stoxx 50, moins value sinon<\/td>\n<\/tr>\n<\/tbody>\n<\/table>\n<!-- #tablepress-3 from cache --><\/p>\n<p style=\"text-align: center;\">\n<p style=\"text-align: left;\">Vous constatez que le r\u00e9sultat final (plus ou moins value) est ind\u00e9pendant du sens dans lequel \u00e9volue le march\u00e9. Notre performance n&rsquo;est donc pas corr\u00e9l\u00e9e \u00e0 l&rsquo;\u00e9volution des march\u00e9s financiers.<\/p>\n<p>&nbsp;<\/p>\n<p>&nbsp;<\/p>\n<p><!-- \/divi:paragraph -->[\/et_pb_text][\/et_pb_column][\/et_pb_row][\/et_pb_section]<\/p>\n","protected":false},"excerpt":{"rendered":"<p>Notre m\u00e9tierWijgam r\u00e9alise des op\u00e9rations d&rsquo;arbitrage sur des actifs cot\u00e9s. En quoi consiste l&rsquo;arbitrage ? Arbitrer deux actifs consiste \u00e0 acheter et vendre simultan\u00e9ment ces deux actifs dans l&rsquo;objectif tirer profit de l&rsquo;augmentation de l&rsquo;\u00e9cart de valeur entre eux. Nos th\u00e8ses d&rsquo;investissement sont donc toujours li\u00e9es \u00e0 l&rsquo;\u00e9volution relative des deux actifs, en nous fondant [&hellip;]<\/p>\n","protected":false},"author":1,"featured_media":0,"parent":0,"menu_order":1,"comment_status":"closed","ping_status":"closed","template":"","meta":{"_et_pb_use_builder":"on","_et_pb_old_content":"<!-- wp:paragraph -->\n<p>Wijgam augmente ses actifs en r\u00e9alisant des op\u00e9rations d'arbitrage sur des actifs cot\u00e9s.<\/p>\n<!-- \/wp:paragraph -->\n\n<!-- wp:paragraph -->\n<p>Ces actifs sont principalement des options sur actions, des futures sur indices, des options sur futures.<\/p>\n<!-- \/wp:paragraph -->\n\n<!-- wp:paragraph -->\n<p>L'horizon d'investissement s'\u00e9tend de quelques heures \u00e0 quelques jours, jusqu'\u00e0 trois mois.<\/p>\n<!-- \/wp:paragraph -->\n\n<!-- wp:paragraph -->\n<p>Les march\u00e9s trait\u00e9s sont majoritairement les Etats-Unis d'Am\u00e9rique et l'Europe, parfois certains march\u00e9s \u00e9mergents.<\/p>\n<!-- \/wp:paragraph -->\n\n<!-- wp:paragraph -->\n<p>S'agit-il de sp\u00e9culation ?<\/p>\n<!-- \/wp:paragraph -->\n\n<!-- wp:paragraph -->\n<p>Non, c'est l'inverse de la sp\u00e9culation. Sp\u00e9culer, ce qui n'est pas un mal en soi, consiste \u00e0 acheter aujourd'hui dans l'objectif de vendre plus cher plus tard. Ce n'est pas notre activit\u00e9. Notre activit\u00e9 consiste \u00e0 r\u00e9aliser des op\u00e9rations qui tirent profit de l'augmentation de l'\u00e9cart de valeur entre deux actifs. Nos th\u00e8ses d'investissement sont donc toujours li\u00e9es \u00e0 l'\u00e9volution relative de deux actifs, en nous fondant sur l'analyse fondamentale de ces actifs dans leurs march\u00e9s respectifs. Quelle que soit l'\u00e9volution des march\u00e9s, notre hypoth\u00e8se est que les actifs de valeur \u00e9volueront toujours mieux que les actifs moins performants. <\/p>\n<!-- \/wp:paragraph -->\n\n<!-- wp:paragraph -->\n<p>Utilisez-vous un le levier financier ?<\/p>\n<!-- \/wp:paragraph -->\n\n<!-- wp:paragraph -->\n<p>Oui, nous utilisons le levier financier parce qu'il est particuli\u00e8rement adapt\u00e9 \u00e0 notre activit\u00e9, sans pour autant prendre une exposition nette sup\u00e9rieure \u00e0 nos capitaux.<\/p>\n<!-- \/wp:paragraph -->","_et_gb_content_width":"","footnotes":""},"class_list":["post-155","page","type-page","status-publish","hentry"],"yoast_head":"<!-- This site is optimized with the Yoast SEO plugin v27.5 - https:\/\/yoast.com\/product\/yoast-seo-wordpress\/ -->\n<title>Notre m\u00e9tier<\/title>\n<meta name=\"description\" content=\"L&#039;activit\u00e9 de Wijgam SA est l&#039;ex\u00e9cution de strat\u00e9gies neutres : arbitrage de futures, gestion long\/short\" \/>\n<meta name=\"robots\" content=\"index, follow, max-snippet:-1, max-image-preview:large, max-video-preview:-1\" \/>\n<link rel=\"canonical\" href=\"https:\/\/www.wijgam.ch\/en\/notre-metier\/\" \/>\n<meta property=\"og:locale\" content=\"en_US\" \/>\n<meta property=\"og:type\" content=\"article\" \/>\n<meta property=\"og:title\" content=\"Notre m\u00e9tier\" \/>\n<meta property=\"og:description\" content=\"L&#039;activit\u00e9 de Wijgam SA est l&#039;ex\u00e9cution de strat\u00e9gies neutres : arbitrage de futures, gestion long\/short\" \/>\n<meta property=\"og:url\" content=\"https:\/\/www.wijgam.ch\/en\/notre-metier\/\" \/>\n<meta property=\"og:site_name\" content=\"Wijgam\" \/>\n<meta property=\"article:modified_time\" content=\"2026-01-15T10:57:49+00:00\" \/>\n<meta name=\"twitter:card\" content=\"summary_large_image\" \/>\n<meta name=\"twitter:site\" content=\"@Wijgam\" \/>\n<meta name=\"twitter:label1\" content=\"Est. reading time\" \/>\n\t<meta name=\"twitter:data1\" content=\"2 minutes\" \/>\n<script type=\"application\/ld+json\" class=\"yoast-schema-graph\">{\"@context\":\"https:\\\/\\\/schema.org\",\"@graph\":[{\"@type\":\"WebPage\",\"@id\":\"https:\\\/\\\/www.wijgam.ch\\\/notre-metier\\\/\",\"url\":\"https:\\\/\\\/www.wijgam.ch\\\/notre-metier\\\/\",\"name\":\"Notre m\u00e9tier\",\"isPartOf\":{\"@id\":\"https:\\\/\\\/www.wijgam.ch\\\/#website\"},\"datePublished\":\"2024-01-24T10:54:10+00:00\",\"dateModified\":\"2026-01-15T10:57:49+00:00\",\"description\":\"L'activit\u00e9 de Wijgam SA est l'ex\u00e9cution de strat\u00e9gies neutres : arbitrage de futures, gestion long\\\/short\",\"breadcrumb\":{\"@id\":\"https:\\\/\\\/www.wijgam.ch\\\/notre-metier\\\/#breadcrumb\"},\"inLanguage\":\"en-US\",\"potentialAction\":[{\"@type\":\"ReadAction\",\"target\":[\"https:\\\/\\\/www.wijgam.ch\\\/notre-metier\\\/\"]}]},{\"@type\":\"BreadcrumbList\",\"@id\":\"https:\\\/\\\/www.wijgam.ch\\\/notre-metier\\\/#breadcrumb\",\"itemListElement\":[{\"@type\":\"ListItem\",\"position\":1,\"name\":\"Accueil\",\"item\":\"https:\\\/\\\/www.wijgam.ch\\\/\"},{\"@type\":\"ListItem\",\"position\":2,\"name\":\"Notre m\u00e9tier &#8211; Ce que nous faisons\"}]},{\"@type\":\"WebSite\",\"@id\":\"https:\\\/\\\/www.wijgam.ch\\\/#website\",\"url\":\"https:\\\/\\\/www.wijgam.ch\\\/\",\"name\":\"Wijgam\",\"description\":\"Rechercher la performance absolue en ex\u00e9cutant des strat\u00e9gies d&#039;arbitrage\",\"publisher\":{\"@id\":\"https:\\\/\\\/www.wijgam.ch\\\/#organization\"},\"potentialAction\":[{\"@type\":\"SearchAction\",\"target\":{\"@type\":\"EntryPoint\",\"urlTemplate\":\"https:\\\/\\\/www.wijgam.ch\\\/?s={search_term_string}\"},\"query-input\":{\"@type\":\"PropertyValueSpecification\",\"valueRequired\":true,\"valueName\":\"search_term_string\"}}],\"inLanguage\":\"en-US\"},{\"@type\":\"Organization\",\"@id\":\"https:\\\/\\\/www.wijgam.ch\\\/#organization\",\"name\":\"Wijgam\",\"url\":\"https:\\\/\\\/www.wijgam.ch\\\/\",\"logo\":{\"@type\":\"ImageObject\",\"inLanguage\":\"en-US\",\"@id\":\"https:\\\/\\\/www.wijgam.ch\\\/#\\\/schema\\\/logo\\\/image\\\/\",\"url\":\"https:\\\/\\\/www.wijgam.ch\\\/wp-content\\\/uploads\\\/2021\\\/05\\\/Logo-Wijgam-120x30-1.png\",\"contentUrl\":\"https:\\\/\\\/www.wijgam.ch\\\/wp-content\\\/uploads\\\/2021\\\/05\\\/Logo-Wijgam-120x30-1.png\",\"width\":120,\"height\":30,\"caption\":\"Wijgam\"},\"image\":{\"@id\":\"https:\\\/\\\/www.wijgam.ch\\\/#\\\/schema\\\/logo\\\/image\\\/\"},\"sameAs\":[\"https:\\\/\\\/x.com\\\/Wijgam\",\"https:\\\/\\\/www.linkedin.com\\\/company\\\/wijgam\\\/\"]}]}<\/script>\n<!-- \/ Yoast SEO plugin. -->","yoast_head_json":{"title":"Notre m\u00e9tier","description":"L'activit\u00e9 de Wijgam SA est l'ex\u00e9cution de strat\u00e9gies neutres : arbitrage de futures, gestion long\/short","robots":{"index":"index","follow":"follow","max-snippet":"max-snippet:-1","max-image-preview":"max-image-preview:large","max-video-preview":"max-video-preview:-1"},"canonical":"https:\/\/www.wijgam.ch\/en\/notre-metier\/","og_locale":"en_US","og_type":"article","og_title":"Notre m\u00e9tier","og_description":"L'activit\u00e9 de Wijgam SA est l'ex\u00e9cution de strat\u00e9gies neutres : arbitrage de futures, gestion long\/short","og_url":"https:\/\/www.wijgam.ch\/en\/notre-metier\/","og_site_name":"Wijgam","article_modified_time":"2026-01-15T10:57:49+00:00","twitter_card":"summary_large_image","twitter_site":"@Wijgam","twitter_misc":{"Est. reading time":"2 minutes"},"schema":{"@context":"https:\/\/schema.org","@graph":[{"@type":"WebPage","@id":"https:\/\/www.wijgam.ch\/notre-metier\/","url":"https:\/\/www.wijgam.ch\/notre-metier\/","name":"Notre m\u00e9tier","isPartOf":{"@id":"https:\/\/www.wijgam.ch\/#website"},"datePublished":"2024-01-24T10:54:10+00:00","dateModified":"2026-01-15T10:57:49+00:00","description":"L'activit\u00e9 de Wijgam SA est l'ex\u00e9cution de strat\u00e9gies neutres : arbitrage de futures, gestion long\/short","breadcrumb":{"@id":"https:\/\/www.wijgam.ch\/notre-metier\/#breadcrumb"},"inLanguage":"en-US","potentialAction":[{"@type":"ReadAction","target":["https:\/\/www.wijgam.ch\/notre-metier\/"]}]},{"@type":"BreadcrumbList","@id":"https:\/\/www.wijgam.ch\/notre-metier\/#breadcrumb","itemListElement":[{"@type":"ListItem","position":1,"name":"Accueil","item":"https:\/\/www.wijgam.ch\/"},{"@type":"ListItem","position":2,"name":"Notre m\u00e9tier &#8211; Ce que nous faisons"}]},{"@type":"WebSite","@id":"https:\/\/www.wijgam.ch\/#website","url":"https:\/\/www.wijgam.ch\/","name":"Wijgam","description":"Rechercher la performance absolue en ex\u00e9cutant des strat\u00e9gies d&#039;arbitrage","publisher":{"@id":"https:\/\/www.wijgam.ch\/#organization"},"potentialAction":[{"@type":"SearchAction","target":{"@type":"EntryPoint","urlTemplate":"https:\/\/www.wijgam.ch\/?s={search_term_string}"},"query-input":{"@type":"PropertyValueSpecification","valueRequired":true,"valueName":"search_term_string"}}],"inLanguage":"en-US"},{"@type":"Organization","@id":"https:\/\/www.wijgam.ch\/#organization","name":"Wijgam","url":"https:\/\/www.wijgam.ch\/","logo":{"@type":"ImageObject","inLanguage":"en-US","@id":"https:\/\/www.wijgam.ch\/#\/schema\/logo\/image\/","url":"https:\/\/www.wijgam.ch\/wp-content\/uploads\/2021\/05\/Logo-Wijgam-120x30-1.png","contentUrl":"https:\/\/www.wijgam.ch\/wp-content\/uploads\/2021\/05\/Logo-Wijgam-120x30-1.png","width":120,"height":30,"caption":"Wijgam"},"image":{"@id":"https:\/\/www.wijgam.ch\/#\/schema\/logo\/image\/"},"sameAs":["https:\/\/x.com\/Wijgam","https:\/\/www.linkedin.com\/company\/wijgam\/"]}]}},"_links":{"self":[{"href":"https:\/\/www.wijgam.ch\/en\/wp-json\/wp\/v2\/pages\/155","targetHints":{"allow":["GET"]}}],"collection":[{"href":"https:\/\/www.wijgam.ch\/en\/wp-json\/wp\/v2\/pages"}],"about":[{"href":"https:\/\/www.wijgam.ch\/en\/wp-json\/wp\/v2\/types\/page"}],"author":[{"embeddable":true,"href":"https:\/\/www.wijgam.ch\/en\/wp-json\/wp\/v2\/users\/1"}],"replies":[{"embeddable":true,"href":"https:\/\/www.wijgam.ch\/en\/wp-json\/wp\/v2\/comments?post=155"}],"version-history":[{"count":26,"href":"https:\/\/www.wijgam.ch\/en\/wp-json\/wp\/v2\/pages\/155\/revisions"}],"predecessor-version":[{"id":590,"href":"https:\/\/www.wijgam.ch\/en\/wp-json\/wp\/v2\/pages\/155\/revisions\/590"}],"wp:attachment":[{"href":"https:\/\/www.wijgam.ch\/en\/wp-json\/wp\/v2\/media?parent=155"}],"curies":[{"name":"wp","href":"https:\/\/api.w.org\/{rel}","templated":true}]}}